{"id":24,"date":"2026-04-27T10:06:43","date_gmt":"2026-04-27T10:06:43","guid":{"rendered":"https:\/\/frauenheilkunde-recklinghausen.de\/wp\/?page_id=24"},"modified":"2026-04-27T10:11:13","modified_gmt":"2026-04-27T10:11:13","slug":"impressum","status":"publish","type":"page","link":"https:\/\/frauenheilkunde-recklinghausen.de\/wp\/herzlich-willkommen\/impressum\/","title":{"rendered":"Impressum"},"content":{"rendered":"\n<pre class=\"wp-block-code\"><code><\/code><\/pre>\n\n\n\n<p>Frauen\u00e4rztin \/ Frauenarztpraxis<\/p>\n\n\n\n<p>Tetyana Mykhaylova<\/p>\n\n\n\n<p>Verantwortlich gem\u00e4\u00df \u00a7 55 Abs. 2 RStV:<\/p>\n\n\n\n<p>Tetyana Mykhaylova<\/p>\n\n\n\n<p>Bochumer Stra\u00dfe 200<\/p>\n\n\n\n<p>45661 Recklinghausen<\/p>\n\n\n\n<p>Tel. 02361 &#8211; 637 13<\/p>\n\n\n\n<p>Fax 02361 &#8211; 6 555 81<\/p>\n\n\n\n<p>info[at]frauenheilkunde-recklinghausen.de<\/p>\n\n\n\n<p><a href=\"https:\/\/www.frauenheilkunde-recklinghausen.de\">www.frauenheilkunde-recklinghausen.de<\/a><\/p>\n\n\n\n<p>&nbsp;<br>Bildnachweis:<\/p>\n\n\n\n<p>&#8222;Lavendelfeld rot&#8220; Datei: #67946318 Urheber: Stefan K\u00f6rber, Quelle: Fotolia.de<\/p>\n\n\n\n<p>Eingesetzt als Hintergrundbild, Lizensiert seit dem 05.02.2016<\/p>\n\n\n\n<p>&#8222;Logo, Kreis, Bl\u00e4tter, Heilpraktiker&#8220; Datei: 74090074, Urheber: Elena H\u00f6lzer, Quelle: Fotolia.de<\/p>\n\n\n\n<p>Eingesetzt als Logo, Lizensiert seit dem 05.02.2016<\/p>\n\n\n\n<p>Zust\u00e4ndige Kammer: \u00c4rztekammer Westfalen-Lippe, M\u00fcnster<\/p>\n\n\n\n<p>Berufsordnung: \u00c4rztekammer Westfalen-Lippe, M\u00fcnster<\/p>\n\n\n\n<p>Aufsichtsbeh\u00f6rde: KV Westfalen-Lippe<\/p>\n\n\n\n<p>Berufsrechtliche Regelungen:<\/p>\n\n\n\n<ul class=\"wp-block-list\">\n<li>Berufsordnung der \u00c4rztekammer Westfalen-Lippe&nbsp;<a href=\"http:\/www.aekwl.de\/\"><strong>www.aekwl.de<\/strong><\/a><\/li>\n\n\n\n<li>Heilberufegesetz des Landes Nordrhein-Westfalen<\/li>\n<\/ul>\n\n\n\n<p>Die Regelungen finden sich im Gesetzblatt des Landes Nordrhein-Westfalen<\/p>\n","protected":false},"excerpt":{"rendered":"<p>Frauen\u00e4rztin \/ Frauenarztpraxis Tetyana Mykhaylova Verantwortlich gem\u00e4\u00df \u00a7 55 Abs. 2 RStV: Tetyana Mykhaylova Bochumer Stra\u00dfe 200 45661 Recklinghausen Tel. 02361 &#8211; 637 13 Fax 02361 &#8211; 6 555 81 info[at]frauenheilkunde-recklinghausen.de www.frauenheilkunde-recklinghausen.de &nbsp;Bildnachweis: &#8222;Lavendelfeld rot&#8220; Datei: #67946318 Urheber: Stefan K\u00f6rber, Quelle: Fotolia.de Eingesetzt als Hintergrundbild, Lizensiert seit dem 05.02.2016 &#8222;Logo, Kreis, Bl\u00e4tter, Heilpraktiker&#8220; Datei: 74090074, [&hellip;]<\/p>\n","protected":false},"author":1,"featured_media":0,"parent":20,"menu_order":0,"comment_status":"closed","ping_status":"closed","template":"","meta":{"footnotes":""},"class_list":["post-24","page","type-page","status-publish","hentry"],"_links":{"self":[{"href":"https:\/\/frauenheilkunde-recklinghausen.de\/wp\/wp-json\/wp\/v2\/pages\/24","targetHints":{"allow":["GET"]}}],"collection":[{"href":"https:\/\/frauenheilkunde-recklinghausen.de\/wp\/wp-json\/wp\/v2\/pages"}],"about":[{"href":"https:\/\/frauenheilkunde-recklinghausen.de\/wp\/wp-json\/wp\/v2\/types\/page"}],"author":[{"embeddable":true,"href":"https:\/\/frauenheilkunde-recklinghausen.de\/wp\/wp-json\/wp\/v2\/users\/1"}],"replies":[{"embeddable":true,"href":"https:\/\/frauenheilkunde-recklinghausen.de\/wp\/wp-json\/wp\/v2\/comments?post=24"}],"version-history":[{"count":1,"href":"https:\/\/frauenheilkunde-recklinghausen.de\/wp\/wp-json\/wp\/v2\/pages\/24\/revisions"}],"predecessor-version":[{"id":25,"href":"https:\/\/frauenheilkunde-recklinghausen.de\/wp\/wp-json\/wp\/v2\/pages\/24\/revisions\/25"}],"up":[{"embeddable":true,"href":"https:\/\/frauenheilkunde-recklinghausen.de\/wp\/wp-json\/wp\/v2\/pages\/20"}],"wp:attachment":[{"href":"https:\/\/frauenheilkunde-recklinghausen.de\/wp\/wp-json\/wp\/v2\/media?parent=24"}],"curies":[{"name":"wp","href":"https:\/\/api.w.org\/{rel}","templated":true}]}}